{"id":11291,"date":"2025-07-01T23:55:13","date_gmt":"2025-07-01T21:55:13","guid":{"rendered":"https:\/\/www.coloquiosfinancieros.com\/?page_id=11291"},"modified":"2025-08-27T00:59:31","modified_gmt":"2025-08-26T22:59:31","slug":"lorenzo-fernandez-alonso","status":"publish","type":"page","link":"https:\/\/www.coloquiosfinancieros.com\/index.php\/lorenzo-fernandez-alonso\/","title":{"rendered":"Lorenzo Fern\u00e1ndez Alonso"},"content":{"rendered":"\t\t<div data-elementor-type=\"wp-page\" data-elementor-id=\"11291\" class=\"elementor elementor-11291\">\n\t\t\t\t<div class=\"elementor-element elementor-element-8b6124b e-flex e-con-boxed e-con e-parent\" data-id=\"8b6124b\" data-element_type=\"container\">\n\t\t\t\t\t<div class=\"e-con-inner\">\n\t\t\t\t\t<\/div>\n\t\t\t\t<\/div>\n\t\t<div class=\"elementor-element elementor-element-a203133 e-flex e-con-boxed e-con e-parent\" data-id=\"a203133\" data-element_type=\"container\">\n\t\t\t\t\t<div class=\"e-con-inner\">\n\t\t\t\t<div class=\"elementor-element elementor-element-48660aa elementor-widget elementor-widget-spacer\" data-id=\"48660aa\" data-element_type=\"widget\" data-widget_type=\"spacer.default\">\n\t\t\t\t<div class=\"elementor-widget-container\">\n\t\t\t\t\t\t\t<div class=\"elementor-spacer\">\n\t\t\t<div class=\"elementor-spacer-inner\"><\/div>\n\t\t<\/div>\n\t\t\t\t\t\t<\/div>\n\t\t\t\t<\/div>\n\t\t\t\t<div class=\"elementor-element elementor-element-18da7e2 elementor-widget elementor-widget-image\" data-id=\"18da7e2\" data-element_type=\"widget\" data-widget_type=\"image.default\">\n\t\t\t\t<div class=\"elementor-widget-container\">\n\t\t\t\t\t\t\t\t\t\t\t\t\t\t\t<img fetchpriority=\"high\" decoding=\"async\" width=\"780\" height=\"468\" src=\"https:\/\/www.coloquiosfinancieros.com\/wp-content\/uploads\/2025\/07\/Lorenzo02.jpg\" class=\"attachment-large size-large wp-image-11296\" alt=\"\" srcset=\"https:\/\/www.coloquiosfinancieros.com\/wp-content\/uploads\/2025\/07\/Lorenzo02.jpg 1000w, https:\/\/www.coloquiosfinancieros.com\/wp-content\/uploads\/2025\/07\/Lorenzo02-300x180.jpg 300w\" sizes=\"(max-width: 780px) 100vw, 780px\" \/>\t\t\t\t\t\t\t\t\t\t\t\t\t\t\t<\/div>\n\t\t\t\t<\/div>\n\t\t\t\t\t<\/div>\n\t\t\t\t<\/div>\n\t\t<div class=\"elementor-element elementor-element-bd7c2ed e-flex e-con-boxed e-con e-parent\" data-id=\"bd7c2ed\" data-element_type=\"container\">\n\t\t\t\t\t<div class=\"e-con-inner\">\n\t\t\t\t<div class=\"elementor-element elementor-element-19c90ee elementor-widget elementor-widget-text-editor\" data-id=\"19c90ee\" data-element_type=\"widget\" data-widget_type=\"text-editor.default\">\n\t\t\t\t<div class=\"elementor-widget-container\">\n\t\t\t\t\t\t\t\t\t<p class=\"entry-title\">Lorenzo Fern\u00e1ndez Alonso\n<\/p>\t\t\t\t\t\t\t\t<\/div>\n\t\t\t\t<\/div>\n\t\t\t\t<div class=\"elementor-element elementor-element-4a71632 elementor-widget elementor-widget-text-editor\" data-id=\"4a71632\" data-element_type=\"widget\" data-widget_type=\"text-editor.default\">\n\t\t\t\t<div class=\"elementor-widget-container\">\n\t\t\t\t\t\t\t\t\t<p>Director general y profesor de Finanzas del IPADE. Es profesor invitado de Finanzas en: INALDE, Colombia; IAE, Buenos Aires; ISE, Brasil; Unis Business School, &nbsp;Guatemala, y en la Escuela de Direcci\u00f3n, Universidad de Piura,Per\u00fa. Adem\u00e1s, es consultor en valuaci\u00f3n, asociaci\u00f3n y ventas de empresa; diagn\u00f3sticos y an\u00e1lisis financieros e implementaci\u00f3n de conceptos de creaci\u00f3n de valor en diversas compa\u00f1\u00edas y grupos empresariales. Colabora en diferentes Consejos de Administraci\u00f3n. Es coautor de los libros Finanzas operativas: un coloquio, &nbsp;Finanzas de Valuaci\u00f3n: un nuevo coloquio, &nbsp;Finanzas Estructurales: otro coloquio y Un coloquio inesperado, c\u00f3mo sacarle jugo a la crisis.<\/p>\t\t\t\t\t\t\t\t<\/div>\n\t\t\t\t<\/div>\n\t\t\t\t\t<\/div>\n\t\t\t\t<\/div>\n\t\t\t\t<\/div>\n\t\t","protected":false},"excerpt":{"rendered":"<p>Lorenzo Fern\u00e1ndez Alonso Director general y profesor de Finanzas del IPADE. Es profesor invitado de Finanzas en: INALDE, Colombia; IAE, Buenos Aires; ISE, Brasil; Unis Business School, &nbsp;Guatemala, y en la Escuela de Direcci\u00f3n, Universidad de Piura,Per\u00fa. Adem\u00e1s, es consultor en valuaci\u00f3n, asociaci\u00f3n y ventas de empresa; diagn\u00f3sticos y an\u00e1lisis financieros e implementaci\u00f3n de conceptos [&hellip;]<\/p>\n","protected":false},"author":1,"featured_media":11296,"parent":0,"menu_order":0,"comment_status":"closed","ping_status":"closed","template":"","meta":{"footnotes":""},"class_list":["post-11291","page","type-page","status-publish","has-post-thumbnail","hentry"],"yoast_head":"<!-- This site is optimized with the Yoast SEO plugin v23.6 - https:\/\/yoast.com\/wordpress\/plugins\/seo\/ -->\n<title>Lorenzo Fern\u00e1ndez Alonso -Lleva tus habilidades financieras al siguiente nivel<\/title>\n<meta name=\"description\" content=\"Lleva tus habilidades financieras al siguiente nivel\" \/>\n<meta name=\"robots\" content=\"index, follow, max-snippet:-1, max-image-preview:large, max-video-preview:-1\" \/>\n<link rel=\"canonical\" href=\"https:\/\/www.coloquiosfinancieros.com\/index.php\/lorenzo-fernandez-alonso\/\" \/>\n<meta property=\"og:locale\" content=\"es_MX\" \/>\n<meta property=\"og:type\" content=\"article\" \/>\n<meta property=\"og:title\" content=\"Lorenzo Fern\u00e1ndez Alonso -Lleva tus habilidades financieras al siguiente nivel\" \/>\n<meta property=\"og:description\" content=\"Lleva tus habilidades financieras al siguiente nivel\" \/>\n<meta property=\"og:url\" content=\"https:\/\/www.coloquiosfinancieros.com\/index.php\/lorenzo-fernandez-alonso\/\" \/>\n<meta property=\"og:site_name\" content=\"Coloquios Financieros.com\" \/>\n<meta property=\"article:modified_time\" content=\"2025-08-26T22:59:31+00:00\" \/>\n<meta property=\"og:image\" content=\"https:\/\/www.coloquiosfinancieros.com\/wp-content\/uploads\/2025\/07\/Lorenzo02.jpg\" \/>\n\t<meta property=\"og:image:width\" content=\"1000\" \/>\n\t<meta property=\"og:image:height\" content=\"600\" \/>\n\t<meta property=\"og:image:type\" content=\"image\/jpeg\" \/>\n<meta name=\"twitter:card\" content=\"summary_large_image\" \/>\n<meta name=\"twitter:label1\" content=\"Tiempo de lectura\" \/>\n\t<meta name=\"twitter:data1\" content=\"1 minuto\" \/>\n<script type=\"application\/ld+json\" class=\"yoast-schema-graph\">{\"@context\":\"https:\/\/schema.org\",\"@graph\":[{\"@type\":\"WebPage\",\"@id\":\"https:\/\/www.coloquiosfinancieros.com\/index.php\/lorenzo-fernandez-alonso\/\",\"url\":\"https:\/\/www.coloquiosfinancieros.com\/index.php\/lorenzo-fernandez-alonso\/\",\"name\":\"Lorenzo Fern\u00e1ndez Alonso -Lleva tus habilidades financieras al siguiente nivel\",\"isPartOf\":{\"@id\":\"https:\/\/www.coloquiosfinancieros.com\/#website\"},\"primaryImageOfPage\":{\"@id\":\"https:\/\/www.coloquiosfinancieros.com\/index.php\/lorenzo-fernandez-alonso\/#primaryimage\"},\"image\":{\"@id\":\"https:\/\/www.coloquiosfinancieros.com\/index.php\/lorenzo-fernandez-alonso\/#primaryimage\"},\"thumbnailUrl\":\"https:\/\/www.coloquiosfinancieros.com\/wp-content\/uploads\/2025\/07\/Lorenzo02.jpg\",\"datePublished\":\"2025-07-01T21:55:13+00:00\",\"dateModified\":\"2025-08-26T22:59:31+00:00\",\"description\":\"Lleva tus habilidades financieras al siguiente nivel\",\"breadcrumb\":{\"@id\":\"https:\/\/www.coloquiosfinancieros.com\/index.php\/lorenzo-fernandez-alonso\/#breadcrumb\"},\"inLanguage\":\"es\",\"potentialAction\":[{\"@type\":\"ReadAction\",\"target\":[\"https:\/\/www.coloquiosfinancieros.com\/index.php\/lorenzo-fernandez-alonso\/\"]}]},{\"@type\":\"ImageObject\",\"inLanguage\":\"es\",\"@id\":\"https:\/\/www.coloquiosfinancieros.com\/index.php\/lorenzo-fernandez-alonso\/#primaryimage\",\"url\":\"https:\/\/www.coloquiosfinancieros.com\/wp-content\/uploads\/2025\/07\/Lorenzo02.jpg\",\"contentUrl\":\"https:\/\/www.coloquiosfinancieros.com\/wp-content\/uploads\/2025\/07\/Lorenzo02.jpg\",\"width\":1000,\"height\":600},{\"@type\":\"BreadcrumbList\",\"@id\":\"https:\/\/www.coloquiosfinancieros.com\/index.php\/lorenzo-fernandez-alonso\/#breadcrumb\",\"itemListElement\":[{\"@type\":\"ListItem\",\"position\":1,\"name\":\"Portada\",\"item\":\"https:\/\/www.coloquiosfinancieros.com\/\"},{\"@type\":\"ListItem\",\"position\":2,\"name\":\"Lorenzo Fern\u00e1ndez Alonso\"}]},{\"@type\":\"WebSite\",\"@id\":\"https:\/\/www.coloquiosfinancieros.com\/#website\",\"url\":\"https:\/\/www.coloquiosfinancieros.com\/\",\"name\":\"Coloquios Financieros.com\",\"description\":\"Lleva tus habilidades financieras al siguiente nivel con una gu&iacute;a pr&aacute;ctica y profesional, adaptada a las necesidades de empresas y l&iacute;deres actuales\",\"publisher\":{\"@id\":\"https:\/\/www.coloquiosfinancieros.com\/#organization\"},\"potentialAction\":[{\"@type\":\"SearchAction\",\"target\":{\"@type\":\"EntryPoint\",\"urlTemplate\":\"https:\/\/www.coloquiosfinancieros.com\/?s={search_term_string}\"},\"query-input\":{\"@type\":\"PropertyValueSpecification\",\"valueRequired\":true,\"valueName\":\"search_term_string\"}}],\"inLanguage\":\"es\"},{\"@type\":\"Organization\",\"@id\":\"https:\/\/www.coloquiosfinancieros.com\/#organization\",\"name\":\"Coloquios Financieros\",\"alternateName\":\"Lleva tus habilidades financieras al siguiente nivel con una gu\u00eda pr\u00e1ctica y profesional, adaptada a las necesidades de empresas y l\u00edderes actuales\",\"url\":\"https:\/\/www.coloquiosfinancieros.com\/\",\"logo\":{\"@type\":\"ImageObject\",\"inLanguage\":\"es\",\"@id\":\"https:\/\/www.coloquiosfinancieros.com\/#\/schema\/logo\/image\/\",\"url\":\"https:\/\/www.coloquiosfinancieros.com\/wp-content\/uploads\/2019\/12\/Coloquios-financieros-NOMBRE-2-300-x-100.png\",\"contentUrl\":\"https:\/\/www.coloquiosfinancieros.com\/wp-content\/uploads\/2019\/12\/Coloquios-financieros-NOMBRE-2-300-x-100.png\",\"width\":625,\"height\":208,\"caption\":\"Coloquios Financieros\"},\"image\":{\"@id\":\"https:\/\/www.coloquiosfinancieros.com\/#\/schema\/logo\/image\/\"}}]}<\/script>\n<!-- \/ Yoast SEO plugin. -->","yoast_head_json":{"title":"Lorenzo Fern\u00e1ndez Alonso -Lleva tus habilidades financieras al siguiente nivel","description":"Lleva tus habilidades financieras al siguiente nivel","robots":{"index":"index","follow":"follow","max-snippet":"max-snippet:-1","max-image-preview":"max-image-preview:large","max-video-preview":"max-video-preview:-1"},"canonical":"https:\/\/www.coloquiosfinancieros.com\/index.php\/lorenzo-fernandez-alonso\/","og_locale":"es_MX","og_type":"article","og_title":"Lorenzo Fern\u00e1ndez Alonso -Lleva tus habilidades financieras al siguiente nivel","og_description":"Lleva tus habilidades financieras al siguiente nivel","og_url":"https:\/\/www.coloquiosfinancieros.com\/index.php\/lorenzo-fernandez-alonso\/","og_site_name":"Coloquios Financieros.com","article_modified_time":"2025-08-26T22:59:31+00:00","og_image":[{"width":1000,"height":600,"url":"https:\/\/www.coloquiosfinancieros.com\/wp-content\/uploads\/2025\/07\/Lorenzo02.jpg","type":"image\/jpeg"}],"twitter_card":"summary_large_image","twitter_misc":{"Tiempo de lectura":"1 minuto"},"schema":{"@context":"https:\/\/schema.org","@graph":[{"@type":"WebPage","@id":"https:\/\/www.coloquiosfinancieros.com\/index.php\/lorenzo-fernandez-alonso\/","url":"https:\/\/www.coloquiosfinancieros.com\/index.php\/lorenzo-fernandez-alonso\/","name":"Lorenzo Fern\u00e1ndez Alonso -Lleva tus habilidades financieras al siguiente nivel","isPartOf":{"@id":"https:\/\/www.coloquiosfinancieros.com\/#website"},"primaryImageOfPage":{"@id":"https:\/\/www.coloquiosfinancieros.com\/index.php\/lorenzo-fernandez-alonso\/#primaryimage"},"image":{"@id":"https:\/\/www.coloquiosfinancieros.com\/index.php\/lorenzo-fernandez-alonso\/#primaryimage"},"thumbnailUrl":"https:\/\/www.coloquiosfinancieros.com\/wp-content\/uploads\/2025\/07\/Lorenzo02.jpg","datePublished":"2025-07-01T21:55:13+00:00","dateModified":"2025-08-26T22:59:31+00:00","description":"Lleva tus habilidades financieras al siguiente nivel","breadcrumb":{"@id":"https:\/\/www.coloquiosfinancieros.com\/index.php\/lorenzo-fernandez-alonso\/#breadcrumb"},"inLanguage":"es","potentialAction":[{"@type":"ReadAction","target":["https:\/\/www.coloquiosfinancieros.com\/index.php\/lorenzo-fernandez-alonso\/"]}]},{"@type":"ImageObject","inLanguage":"es","@id":"https:\/\/www.coloquiosfinancieros.com\/index.php\/lorenzo-fernandez-alonso\/#primaryimage","url":"https:\/\/www.coloquiosfinancieros.com\/wp-content\/uploads\/2025\/07\/Lorenzo02.jpg","contentUrl":"https:\/\/www.coloquiosfinancieros.com\/wp-content\/uploads\/2025\/07\/Lorenzo02.jpg","width":1000,"height":600},{"@type":"BreadcrumbList","@id":"https:\/\/www.coloquiosfinancieros.com\/index.php\/lorenzo-fernandez-alonso\/#breadcrumb","itemListElement":[{"@type":"ListItem","position":1,"name":"Portada","item":"https:\/\/www.coloquiosfinancieros.com\/"},{"@type":"ListItem","position":2,"name":"Lorenzo Fern\u00e1ndez Alonso"}]},{"@type":"WebSite","@id":"https:\/\/www.coloquiosfinancieros.com\/#website","url":"https:\/\/www.coloquiosfinancieros.com\/","name":"Coloquios Financieros.com","description":"Lleva tus habilidades financieras al siguiente nivel con una gu&iacute;a pr&aacute;ctica y profesional, adaptada a las necesidades de empresas y l&iacute;deres actuales","publisher":{"@id":"https:\/\/www.coloquiosfinancieros.com\/#organization"},"potentialAction":[{"@type":"SearchAction","target":{"@type":"EntryPoint","urlTemplate":"https:\/\/www.coloquiosfinancieros.com\/?s={search_term_string}"},"query-input":{"@type":"PropertyValueSpecification","valueRequired":true,"valueName":"search_term_string"}}],"inLanguage":"es"},{"@type":"Organization","@id":"https:\/\/www.coloquiosfinancieros.com\/#organization","name":"Coloquios Financieros","alternateName":"Lleva tus habilidades financieras al siguiente nivel con una gu\u00eda pr\u00e1ctica y profesional, adaptada a las necesidades de empresas y l\u00edderes actuales","url":"https:\/\/www.coloquiosfinancieros.com\/","logo":{"@type":"ImageObject","inLanguage":"es","@id":"https:\/\/www.coloquiosfinancieros.com\/#\/schema\/logo\/image\/","url":"https:\/\/www.coloquiosfinancieros.com\/wp-content\/uploads\/2019\/12\/Coloquios-financieros-NOMBRE-2-300-x-100.png","contentUrl":"https:\/\/www.coloquiosfinancieros.com\/wp-content\/uploads\/2019\/12\/Coloquios-financieros-NOMBRE-2-300-x-100.png","width":625,"height":208,"caption":"Coloquios Financieros"},"image":{"@id":"https:\/\/www.coloquiosfinancieros.com\/#\/schema\/logo\/image\/"}}]}},"_links":{"self":[{"href":"https:\/\/www.coloquiosfinancieros.com\/index.php\/wp-json\/wp\/v2\/pages\/11291","targetHints":{"allow":["GET"]}}],"collection":[{"href":"https:\/\/www.coloquiosfinancieros.com\/index.php\/wp-json\/wp\/v2\/pages"}],"about":[{"href":"https:\/\/www.coloquiosfinancieros.com\/index.php\/wp-json\/wp\/v2\/types\/page"}],"author":[{"embeddable":true,"href":"https:\/\/www.coloquiosfinancieros.com\/index.php\/wp-json\/wp\/v2\/users\/1"}],"replies":[{"embeddable":true,"href":"https:\/\/www.coloquiosfinancieros.com\/index.php\/wp-json\/wp\/v2\/comments?post=11291"}],"version-history":[{"count":13,"href":"https:\/\/www.coloquiosfinancieros.com\/index.php\/wp-json\/wp\/v2\/pages\/11291\/revisions"}],"predecessor-version":[{"id":11528,"href":"https:\/\/www.coloquiosfinancieros.com\/index.php\/wp-json\/wp\/v2\/pages\/11291\/revisions\/11528"}],"wp:featuredmedia":[{"embeddable":true,"href":"https:\/\/www.coloquiosfinancieros.com\/index.php\/wp-json\/wp\/v2\/media\/11296"}],"wp:attachment":[{"href":"https:\/\/www.coloquiosfinancieros.com\/index.php\/wp-json\/wp\/v2\/media?parent=11291"}],"curies":[{"name":"wp","href":"https:\/\/api.w.org\/{rel}","templated":true}]}}