{"id":11279,"date":"2025-07-01T23:51:12","date_gmt":"2025-07-01T21:51:12","guid":{"rendered":"https:\/\/www.coloquiosfinancieros.com\/?page_id=11279"},"modified":"2025-08-27T00:59:13","modified_gmt":"2025-08-26T22:59:13","slug":"federico-dkuba-chavez-de-ita","status":"publish","type":"page","link":"https:\/\/www.coloquiosfinancieros.com\/index.php\/federico-dkuba-chavez-de-ita\/","title":{"rendered":"Federico D\u00b4Kuba Ch\u00e1vez de Ita"},"content":{"rendered":"\t\t<div data-elementor-type=\"wp-page\" data-elementor-id=\"11279\" class=\"elementor elementor-11279\">\n\t\t\t\t<div class=\"elementor-element elementor-element-8b6124b e-flex e-con-boxed e-con e-parent\" data-id=\"8b6124b\" data-element_type=\"container\">\n\t\t\t\t\t<div class=\"e-con-inner\">\n\t\t\t\t\t<\/div>\n\t\t\t\t<\/div>\n\t\t<div class=\"elementor-element elementor-element-a203133 e-flex e-con-boxed e-con e-parent\" data-id=\"a203133\" data-element_type=\"container\">\n\t\t\t\t\t<div class=\"e-con-inner\">\n\t\t\t\t<div class=\"elementor-element elementor-element-59cea9d elementor-widget elementor-widget-spacer\" data-id=\"59cea9d\" data-element_type=\"widget\" data-widget_type=\"spacer.default\">\n\t\t\t\t<div class=\"elementor-widget-container\">\n\t\t\t\t\t\t\t<div class=\"elementor-spacer\">\n\t\t\t<div class=\"elementor-spacer-inner\"><\/div>\n\t\t<\/div>\n\t\t\t\t\t\t<\/div>\n\t\t\t\t<\/div>\n\t\t\t\t<div class=\"elementor-element elementor-element-18da7e2 elementor-widget elementor-widget-image\" data-id=\"18da7e2\" data-element_type=\"widget\" data-widget_type=\"image.default\">\n\t\t\t\t<div class=\"elementor-widget-container\">\n\t\t\t\t\t\t\t\t\t\t\t\t\t\t\t<img fetchpriority=\"high\" decoding=\"async\" width=\"780\" height=\"468\" src=\"https:\/\/www.coloquiosfinancieros.com\/wp-content\/uploads\/2025\/07\/Federico02.jpg\" class=\"attachment-large size-large wp-image-11281\" alt=\"\" srcset=\"https:\/\/www.coloquiosfinancieros.com\/wp-content\/uploads\/2025\/07\/Federico02.jpg 1000w, https:\/\/www.coloquiosfinancieros.com\/wp-content\/uploads\/2025\/07\/Federico02-300x180.jpg 300w\" sizes=\"(max-width: 780px) 100vw, 780px\" \/>\t\t\t\t\t\t\t\t\t\t\t\t\t\t\t<\/div>\n\t\t\t\t<\/div>\n\t\t\t\t\t<\/div>\n\t\t\t\t<\/div>\n\t\t<div class=\"elementor-element elementor-element-bd7c2ed e-flex e-con-boxed e-con e-parent\" data-id=\"bd7c2ed\" data-element_type=\"container\">\n\t\t\t\t\t<div class=\"e-con-inner\">\n\t\t\t\t<div class=\"elementor-element elementor-element-19c90ee elementor-widget elementor-widget-text-editor\" data-id=\"19c90ee\" data-element_type=\"widget\" data-widget_type=\"text-editor.default\">\n\t\t\t\t<div class=\"elementor-widget-container\">\n\t\t\t\t\t\t\t\t\t<p class=\"entry-title\">Federico D\u00b4Kuba Ch\u00e1vez de Ita<\/p>\t\t\t\t\t\t\t\t<\/div>\n\t\t\t\t<\/div>\n\t\t\t\t<div class=\"elementor-element elementor-element-4a71632 elementor-widget elementor-widget-text-editor\" data-id=\"4a71632\" data-element_type=\"widget\" data-widget_type=\"text-editor.default\">\n\t\t\t\t<div class=\"elementor-widget-container\">\n\t\t\t\t\t\t\t\t\t<p>Profesor en el \u00e1rea de Direcci\u00f3n Financiera del IPADE y director del programa de Perfeccionamiento Directivo D-1 del IPADE, en su sede de Monterrey. Ha ocupado diversas posiciones directivas en organizaciones del sector privado. Contador P\u00fablico de profesi\u00f3n, tambi\u00e9n es doctor en Negocios por la Crummer Graduate School of Business de la Universidad Rollins, maestro en Alta Direcci\u00f3n de Empresas para Ejecutivos con Experiencia por el IPADE y en Administraci\u00f3n por el Tec de Monterrey. Es coautor del libro Un coloquio inesperado, c\u00f3mo sacarle jugo a la crisis.<\/p>\t\t\t\t\t\t\t\t<\/div>\n\t\t\t\t<\/div>\n\t\t\t\t\t<\/div>\n\t\t\t\t<\/div>\n\t\t\t\t<\/div>\n\t\t","protected":false},"excerpt":{"rendered":"<p>Federico D\u00b4Kuba Ch\u00e1vez de Ita Profesor en el \u00e1rea de Direcci\u00f3n Financiera del IPADE y director del programa de Perfeccionamiento Directivo D-1 del IPADE, en su sede de Monterrey. Ha ocupado diversas posiciones directivas en organizaciones del sector privado. Contador P\u00fablico de profesi\u00f3n, tambi\u00e9n es doctor en Negocios por la Crummer Graduate School of Business [&hellip;]<\/p>\n","protected":false},"author":1,"featured_media":11281,"parent":0,"menu_order":0,"comment_status":"closed","ping_status":"closed","template":"","meta":{"footnotes":""},"class_list":["post-11279","page","type-page","status-publish","has-post-thumbnail","hentry"],"yoast_head":"<!-- This site is optimized with the Yoast SEO plugin v23.6 - https:\/\/yoast.com\/wordpress\/plugins\/seo\/ -->\n<title>Federico D\u00b4Kuba Ch\u00e1vez de Ita - Lleva tus habilidades financieras al siguiente nivel<\/title>\n<meta name=\"description\" content=\"Lleva tus habilidades financieras al siguiente nivel\" \/>\n<meta name=\"robots\" content=\"index, follow, max-snippet:-1, max-image-preview:large, max-video-preview:-1\" \/>\n<link rel=\"canonical\" href=\"https:\/\/www.coloquiosfinancieros.com\/index.php\/federico-dkuba-chavez-de-ita\/\" \/>\n<meta property=\"og:locale\" content=\"es_MX\" \/>\n<meta property=\"og:type\" content=\"article\" \/>\n<meta property=\"og:title\" content=\"Federico D\u00b4Kuba Ch\u00e1vez de Ita - Lleva tus habilidades financieras al siguiente nivel\" \/>\n<meta property=\"og:description\" content=\"Lleva tus habilidades financieras al siguiente nivel\" \/>\n<meta property=\"og:url\" content=\"https:\/\/www.coloquiosfinancieros.com\/index.php\/federico-dkuba-chavez-de-ita\/\" \/>\n<meta property=\"og:site_name\" content=\"Coloquios Financieros.com\" \/>\n<meta property=\"article:modified_time\" content=\"2025-08-26T22:59:13+00:00\" \/>\n<meta property=\"og:image\" content=\"https:\/\/www.coloquiosfinancieros.com\/wp-content\/uploads\/2025\/07\/Federico02.jpg\" \/>\n\t<meta property=\"og:image:width\" content=\"1000\" \/>\n\t<meta property=\"og:image:height\" content=\"600\" \/>\n\t<meta property=\"og:image:type\" content=\"image\/jpeg\" \/>\n<meta name=\"twitter:card\" content=\"summary_large_image\" \/>\n<meta name=\"twitter:label1\" content=\"Tiempo de lectura\" \/>\n\t<meta name=\"twitter:data1\" content=\"1 minuto\" \/>\n<script type=\"application\/ld+json\" class=\"yoast-schema-graph\">{\"@context\":\"https:\/\/schema.org\",\"@graph\":[{\"@type\":\"WebPage\",\"@id\":\"https:\/\/www.coloquiosfinancieros.com\/index.php\/federico-dkuba-chavez-de-ita\/\",\"url\":\"https:\/\/www.coloquiosfinancieros.com\/index.php\/federico-dkuba-chavez-de-ita\/\",\"name\":\"Federico D\u00b4Kuba Ch\u00e1vez de Ita - Lleva tus habilidades financieras al siguiente nivel\",\"isPartOf\":{\"@id\":\"https:\/\/www.coloquiosfinancieros.com\/#website\"},\"primaryImageOfPage\":{\"@id\":\"https:\/\/www.coloquiosfinancieros.com\/index.php\/federico-dkuba-chavez-de-ita\/#primaryimage\"},\"image\":{\"@id\":\"https:\/\/www.coloquiosfinancieros.com\/index.php\/federico-dkuba-chavez-de-ita\/#primaryimage\"},\"thumbnailUrl\":\"https:\/\/www.coloquiosfinancieros.com\/wp-content\/uploads\/2025\/07\/Federico02.jpg\",\"datePublished\":\"2025-07-01T21:51:12+00:00\",\"dateModified\":\"2025-08-26T22:59:13+00:00\",\"description\":\"Lleva tus habilidades financieras al siguiente nivel\",\"breadcrumb\":{\"@id\":\"https:\/\/www.coloquiosfinancieros.com\/index.php\/federico-dkuba-chavez-de-ita\/#breadcrumb\"},\"inLanguage\":\"es\",\"potentialAction\":[{\"@type\":\"ReadAction\",\"target\":[\"https:\/\/www.coloquiosfinancieros.com\/index.php\/federico-dkuba-chavez-de-ita\/\"]}]},{\"@type\":\"ImageObject\",\"inLanguage\":\"es\",\"@id\":\"https:\/\/www.coloquiosfinancieros.com\/index.php\/federico-dkuba-chavez-de-ita\/#primaryimage\",\"url\":\"https:\/\/www.coloquiosfinancieros.com\/wp-content\/uploads\/2025\/07\/Federico02.jpg\",\"contentUrl\":\"https:\/\/www.coloquiosfinancieros.com\/wp-content\/uploads\/2025\/07\/Federico02.jpg\",\"width\":1000,\"height\":600},{\"@type\":\"BreadcrumbList\",\"@id\":\"https:\/\/www.coloquiosfinancieros.com\/index.php\/federico-dkuba-chavez-de-ita\/#breadcrumb\",\"itemListElement\":[{\"@type\":\"ListItem\",\"position\":1,\"name\":\"Portada\",\"item\":\"https:\/\/www.coloquiosfinancieros.com\/\"},{\"@type\":\"ListItem\",\"position\":2,\"name\":\"Federico D\u00b4Kuba Ch\u00e1vez de Ita\"}]},{\"@type\":\"WebSite\",\"@id\":\"https:\/\/www.coloquiosfinancieros.com\/#website\",\"url\":\"https:\/\/www.coloquiosfinancieros.com\/\",\"name\":\"Coloquios Financieros.com\",\"description\":\"Lleva tus habilidades financieras al siguiente nivel con una gu&iacute;a pr&aacute;ctica y profesional, adaptada a las necesidades de empresas y l&iacute;deres actuales\",\"publisher\":{\"@id\":\"https:\/\/www.coloquiosfinancieros.com\/#organization\"},\"potentialAction\":[{\"@type\":\"SearchAction\",\"target\":{\"@type\":\"EntryPoint\",\"urlTemplate\":\"https:\/\/www.coloquiosfinancieros.com\/?s={search_term_string}\"},\"query-input\":{\"@type\":\"PropertyValueSpecification\",\"valueRequired\":true,\"valueName\":\"search_term_string\"}}],\"inLanguage\":\"es\"},{\"@type\":\"Organization\",\"@id\":\"https:\/\/www.coloquiosfinancieros.com\/#organization\",\"name\":\"Coloquios Financieros\",\"alternateName\":\"Lleva tus habilidades financieras al siguiente nivel con una gu\u00eda pr\u00e1ctica y profesional, adaptada a las necesidades de empresas y l\u00edderes actuales\",\"url\":\"https:\/\/www.coloquiosfinancieros.com\/\",\"logo\":{\"@type\":\"ImageObject\",\"inLanguage\":\"es\",\"@id\":\"https:\/\/www.coloquiosfinancieros.com\/#\/schema\/logo\/image\/\",\"url\":\"https:\/\/www.coloquiosfinancieros.com\/wp-content\/uploads\/2019\/12\/Coloquios-financieros-NOMBRE-2-300-x-100.png\",\"contentUrl\":\"https:\/\/www.coloquiosfinancieros.com\/wp-content\/uploads\/2019\/12\/Coloquios-financieros-NOMBRE-2-300-x-100.png\",\"width\":625,\"height\":208,\"caption\":\"Coloquios Financieros\"},\"image\":{\"@id\":\"https:\/\/www.coloquiosfinancieros.com\/#\/schema\/logo\/image\/\"}}]}<\/script>\n<!-- \/ Yoast SEO plugin. -->","yoast_head_json":{"title":"Federico D\u00b4Kuba Ch\u00e1vez de Ita - Lleva tus habilidades financieras al siguiente nivel","description":"Lleva tus habilidades financieras al siguiente nivel","robots":{"index":"index","follow":"follow","max-snippet":"max-snippet:-1","max-image-preview":"max-image-preview:large","max-video-preview":"max-video-preview:-1"},"canonical":"https:\/\/www.coloquiosfinancieros.com\/index.php\/federico-dkuba-chavez-de-ita\/","og_locale":"es_MX","og_type":"article","og_title":"Federico D\u00b4Kuba Ch\u00e1vez de Ita - Lleva tus habilidades financieras al siguiente nivel","og_description":"Lleva tus habilidades financieras al siguiente nivel","og_url":"https:\/\/www.coloquiosfinancieros.com\/index.php\/federico-dkuba-chavez-de-ita\/","og_site_name":"Coloquios Financieros.com","article_modified_time":"2025-08-26T22:59:13+00:00","og_image":[{"width":1000,"height":600,"url":"https:\/\/www.coloquiosfinancieros.com\/wp-content\/uploads\/2025\/07\/Federico02.jpg","type":"image\/jpeg"}],"twitter_card":"summary_large_image","twitter_misc":{"Tiempo de lectura":"1 minuto"},"schema":{"@context":"https:\/\/schema.org","@graph":[{"@type":"WebPage","@id":"https:\/\/www.coloquiosfinancieros.com\/index.php\/federico-dkuba-chavez-de-ita\/","url":"https:\/\/www.coloquiosfinancieros.com\/index.php\/federico-dkuba-chavez-de-ita\/","name":"Federico D\u00b4Kuba Ch\u00e1vez de Ita - Lleva tus habilidades financieras al siguiente nivel","isPartOf":{"@id":"https:\/\/www.coloquiosfinancieros.com\/#website"},"primaryImageOfPage":{"@id":"https:\/\/www.coloquiosfinancieros.com\/index.php\/federico-dkuba-chavez-de-ita\/#primaryimage"},"image":{"@id":"https:\/\/www.coloquiosfinancieros.com\/index.php\/federico-dkuba-chavez-de-ita\/#primaryimage"},"thumbnailUrl":"https:\/\/www.coloquiosfinancieros.com\/wp-content\/uploads\/2025\/07\/Federico02.jpg","datePublished":"2025-07-01T21:51:12+00:00","dateModified":"2025-08-26T22:59:13+00:00","description":"Lleva tus habilidades financieras al siguiente nivel","breadcrumb":{"@id":"https:\/\/www.coloquiosfinancieros.com\/index.php\/federico-dkuba-chavez-de-ita\/#breadcrumb"},"inLanguage":"es","potentialAction":[{"@type":"ReadAction","target":["https:\/\/www.coloquiosfinancieros.com\/index.php\/federico-dkuba-chavez-de-ita\/"]}]},{"@type":"ImageObject","inLanguage":"es","@id":"https:\/\/www.coloquiosfinancieros.com\/index.php\/federico-dkuba-chavez-de-ita\/#primaryimage","url":"https:\/\/www.coloquiosfinancieros.com\/wp-content\/uploads\/2025\/07\/Federico02.jpg","contentUrl":"https:\/\/www.coloquiosfinancieros.com\/wp-content\/uploads\/2025\/07\/Federico02.jpg","width":1000,"height":600},{"@type":"BreadcrumbList","@id":"https:\/\/www.coloquiosfinancieros.com\/index.php\/federico-dkuba-chavez-de-ita\/#breadcrumb","itemListElement":[{"@type":"ListItem","position":1,"name":"Portada","item":"https:\/\/www.coloquiosfinancieros.com\/"},{"@type":"ListItem","position":2,"name":"Federico D\u00b4Kuba Ch\u00e1vez de Ita"}]},{"@type":"WebSite","@id":"https:\/\/www.coloquiosfinancieros.com\/#website","url":"https:\/\/www.coloquiosfinancieros.com\/","name":"Coloquios Financieros.com","description":"Lleva tus habilidades financieras al siguiente nivel con una gu&iacute;a pr&aacute;ctica y profesional, adaptada a las necesidades de empresas y l&iacute;deres actuales","publisher":{"@id":"https:\/\/www.coloquiosfinancieros.com\/#organization"},"potentialAction":[{"@type":"SearchAction","target":{"@type":"EntryPoint","urlTemplate":"https:\/\/www.coloquiosfinancieros.com\/?s={search_term_string}"},"query-input":{"@type":"PropertyValueSpecification","valueRequired":true,"valueName":"search_term_string"}}],"inLanguage":"es"},{"@type":"Organization","@id":"https:\/\/www.coloquiosfinancieros.com\/#organization","name":"Coloquios Financieros","alternateName":"Lleva tus habilidades financieras al siguiente nivel con una gu\u00eda pr\u00e1ctica y profesional, adaptada a las necesidades de empresas y l\u00edderes actuales","url":"https:\/\/www.coloquiosfinancieros.com\/","logo":{"@type":"ImageObject","inLanguage":"es","@id":"https:\/\/www.coloquiosfinancieros.com\/#\/schema\/logo\/image\/","url":"https:\/\/www.coloquiosfinancieros.com\/wp-content\/uploads\/2019\/12\/Coloquios-financieros-NOMBRE-2-300-x-100.png","contentUrl":"https:\/\/www.coloquiosfinancieros.com\/wp-content\/uploads\/2019\/12\/Coloquios-financieros-NOMBRE-2-300-x-100.png","width":625,"height":208,"caption":"Coloquios Financieros"},"image":{"@id":"https:\/\/www.coloquiosfinancieros.com\/#\/schema\/logo\/image\/"}}]}},"_links":{"self":[{"href":"https:\/\/www.coloquiosfinancieros.com\/index.php\/wp-json\/wp\/v2\/pages\/11279","targetHints":{"allow":["GET"]}}],"collection":[{"href":"https:\/\/www.coloquiosfinancieros.com\/index.php\/wp-json\/wp\/v2\/pages"}],"about":[{"href":"https:\/\/www.coloquiosfinancieros.com\/index.php\/wp-json\/wp\/v2\/types\/page"}],"author":[{"embeddable":true,"href":"https:\/\/www.coloquiosfinancieros.com\/index.php\/wp-json\/wp\/v2\/users\/1"}],"replies":[{"embeddable":true,"href":"https:\/\/www.coloquiosfinancieros.com\/index.php\/wp-json\/wp\/v2\/comments?post=11279"}],"version-history":[{"count":16,"href":"https:\/\/www.coloquiosfinancieros.com\/index.php\/wp-json\/wp\/v2\/pages\/11279\/revisions"}],"predecessor-version":[{"id":11470,"href":"https:\/\/www.coloquiosfinancieros.com\/index.php\/wp-json\/wp\/v2\/pages\/11279\/revisions\/11470"}],"wp:featuredmedia":[{"embeddable":true,"href":"https:\/\/www.coloquiosfinancieros.com\/index.php\/wp-json\/wp\/v2\/media\/11281"}],"wp:attachment":[{"href":"https:\/\/www.coloquiosfinancieros.com\/index.php\/wp-json\/wp\/v2\/media?parent=11279"}],"curies":[{"name":"wp","href":"https:\/\/api.w.org\/{rel}","templated":true}]}}